{"id":166,"date":"2023-12-07T11:02:16","date_gmt":"2023-12-07T10:02:16","guid":{"rendered":"https:\/\/lesvieuxpistons.fr\/?page_id=166"},"modified":"2026-02-04T08:19:44","modified_gmt":"2026-02-04T07:19:44","slug":"composition","status":"publish","type":"page","link":"https:\/\/lesvieuxpistons.fr\/index.php\/composition\/","title":{"rendered":"Composition"},"content":{"rendered":"\n<p><strong>L&rsquo;association<\/strong><\/p>\n\n\n\n<p>Le but de l&rsquo;association est la pr\u00e9servation du mat\u00e9riel agricole de notre r\u00e9gion<\/p>\n\n\n\n<p>Le pr\u00e9sident : C\u00e9dric PLOUVIER<\/p>\n\n\n\n<p>Le vice-pr\u00e9sident : Jean Luc SYS<\/p>\n\n\n\n<p>Le tr\u00e9sorier : Denis DELESTREZ<\/p>\n\n\n\n<p>Le s\u00e9cr\u00e9taire: Dominique ROUSSEL            <\/p>\n\n\n\n<p>Le secr\u00e9taire adjoint : Olivier DELEPIERRE<\/p>\n\n\n\n<p><\/p>\n","protected":false},"excerpt":{"rendered":"<p>L&rsquo;association Le but de l&rsquo;association est la pr\u00e9servation du mat\u00e9riel agricole de notre r\u00e9gion Le pr\u00e9sident : C\u00e9dric PLOUVIER Le vice-pr\u00e9sident : Jean Luc SYS Le tr\u00e9sorier : Denis DELESTREZ Le s\u00e9cr\u00e9taire: Dominique ROUSSEL Le secr\u00e9taire adjoint : Olivier DELEPIERRE<\/p>\n","protected":false},"author":1,"featured_media":0,"parent":0,"menu_order":0,"comment_status":"closed","ping_status":"closed","template":"","meta":{"footnotes":""},"class_list":["post-166","page","type-page","status-publish","hentry"],"_links":{"self":[{"href":"https:\/\/lesvieuxpistons.fr\/index.php\/wp-json\/wp\/v2\/pages\/166","targetHints":{"allow":["GET"]}}],"collection":[{"href":"https:\/\/lesvieuxpistons.fr\/index.php\/wp-json\/wp\/v2\/pages"}],"about":[{"href":"https:\/\/lesvieuxpistons.fr\/index.php\/wp-json\/wp\/v2\/types\/page"}],"author":[{"embeddable":true,"href":"https:\/\/lesvieuxpistons.fr\/index.php\/wp-json\/wp\/v2\/users\/1"}],"replies":[{"embeddable":true,"href":"https:\/\/lesvieuxpistons.fr\/index.php\/wp-json\/wp\/v2\/comments?post=166"}],"version-history":[{"count":7,"href":"https:\/\/lesvieuxpistons.fr\/index.php\/wp-json\/wp\/v2\/pages\/166\/revisions"}],"predecessor-version":[{"id":899,"href":"https:\/\/lesvieuxpistons.fr\/index.php\/wp-json\/wp\/v2\/pages\/166\/revisions\/899"}],"wp:attachment":[{"href":"https:\/\/lesvieuxpistons.fr\/index.php\/wp-json\/wp\/v2\/media?parent=166"}],"curies":[{"name":"wp","href":"https:\/\/api.w.org\/{rel}","templated":true}]}}