{"id":146,"date":"2023-12-07T10:40:18","date_gmt":"2023-12-07T09:40:18","guid":{"rendered":"https:\/\/lesvieuxpistons.fr\/?page_id=146"},"modified":"2025-06-19T07:30:14","modified_gmt":"2025-06-19T05:30:14","slug":"contacts","status":"publish","type":"page","link":"https:\/\/lesvieuxpistons.fr\/index.php\/contacts\/","title":{"rendered":"contacts"},"content":{"rendered":"\n<p>L&rsquo;association des Vieux Pistons en Alloeu<\/p>\n\n\n\n<p>42 rue du Moulin<\/p>\n\n\n\n<p>62840 LAVENTIE<\/p>\n\n\n\n<p>e mail: contact@lesvieuxpistons.fr<\/p>\n\n\n\n<p>https:\/\/www.facebook.com\/lesvieuxpistonsenalloeu<\/p>\n\n\n\n<p><strong>Nous sommes \u00e0 votre \u00e9coute pour toutes animations de vos festivit\u00e9s.<\/strong><\/p>\n\n\n\n<p><strong>N&rsquo;h\u00e9sitez pas \u00e0 nous contacter par mail ou via la page facebook<\/strong><\/p>\n","protected":false},"excerpt":{"rendered":"<p>L&rsquo;association des Vieux Pistons en Alloeu 42 rue du Moulin 62840 LAVENTIE e mail: contact@lesvieuxpistons.fr https:\/\/www.facebook.com\/lesvieuxpistonsenalloeu Nous sommes \u00e0 votre \u00e9coute pour toutes animations de vos festivit\u00e9s. N&rsquo;h\u00e9sitez pas \u00e0 nous contacter par mail ou via la page facebook<\/p>\n","protected":false},"author":1,"featured_media":0,"parent":0,"menu_order":0,"comment_status":"open","ping_status":"closed","template":"","meta":{"footnotes":""},"class_list":["post-146","page","type-page","status-publish","hentry"],"_links":{"self":[{"href":"https:\/\/lesvieuxpistons.fr\/index.php\/wp-json\/wp\/v2\/pages\/146","targetHints":{"allow":["GET"]}}],"collection":[{"href":"https:\/\/lesvieuxpistons.fr\/index.php\/wp-json\/wp\/v2\/pages"}],"about":[{"href":"https:\/\/lesvieuxpistons.fr\/index.php\/wp-json\/wp\/v2\/types\/page"}],"author":[{"embeddable":true,"href":"https:\/\/lesvieuxpistons.fr\/index.php\/wp-json\/wp\/v2\/users\/1"}],"replies":[{"embeddable":true,"href":"https:\/\/lesvieuxpistons.fr\/index.php\/wp-json\/wp\/v2\/comments?post=146"}],"version-history":[{"count":5,"href":"https:\/\/lesvieuxpistons.fr\/index.php\/wp-json\/wp\/v2\/pages\/146\/revisions"}],"predecessor-version":[{"id":324,"href":"https:\/\/lesvieuxpistons.fr\/index.php\/wp-json\/wp\/v2\/pages\/146\/revisions\/324"}],"wp:attachment":[{"href":"https:\/\/lesvieuxpistons.fr\/index.php\/wp-json\/wp\/v2\/media?parent=146"}],"curies":[{"name":"wp","href":"https:\/\/api.w.org\/{rel}","templated":true}]}}